{"id":2069,"date":"2019-08-02T10:46:29","date_gmt":"2019-08-02T08:46:29","guid":{"rendered":"https:\/\/ht-ost.com\/?page_id=2069"},"modified":"2025-10-20T13:50:57","modified_gmt":"2025-10-20T11:50:57","slug":"anmeldung","status":"publish","type":"page","link":"https:\/\/ht-ost.com\/de\/anmeldung\/","title":{"rendered":"AnmeldungWPA"},"content":{"rendered":"\t\t<div data-elementor-type=\"wp-post\" data-elementor-id=\"2069\" class=\"elementor elementor-2069\">\n\t\t\t\t\t\t<section class=\"elementor-section elementor-top-section elementor-element elementor-element-abjjsg1 elementor-section-full_width elementor-section-height-default elementor-section-height-default\" data-id=\"abjjsg1\" data-element_type=\"section\" data-e-type=\"section\" data-settings=\"{&quot;background_background&quot;:&quot;video&quot;}\">\n\t\t\t\t\t\t\t<div class=\"elementor-background-overlay\"><\/div>\n\t\t\t\t\t\t\t<div class=\"elementor-container elementor-column-gap-default\">\n\t\t\t\t\t<div class=\"elementor-column elementor-col-100 elementor-top-column elementor-element elementor-element-diq57da\" data-id=\"diq57da\" data-element_type=\"column\" data-e-type=\"column\">\n\t\t\t<div class=\"elementor-widget-wrap elementor-element-populated\">\n\t\t\t\t\t\t<div class=\"elementor-element elementor-element-my729js elementor-widget elementor-widget-spacer\" data-id=\"my729js\" data-element_type=\"widget\" data-e-type=\"widget\" data-widget_type=\"spacer.default\">\n\t\t\t\t<div class=\"elementor-widget-container\">\n\t\t\t\t\t\t\t<div class=\"elementor-spacer\">\n\t\t\t<div class=\"elementor-spacer-inner\"><\/div>\n\t\t<\/div>\n\t\t\t\t\t\t<\/div>\n\t\t\t\t<\/div>\n\t\t\t\t<div class=\"elementor-element elementor-element-ecy3r0t elementor-widget elementor-widget-heading\" data-id=\"ecy3r0t\" data-element_type=\"widget\" data-e-type=\"widget\" data-widget_type=\"heading.default\">\n\t\t\t\t<div class=\"elementor-widget-container\">\n\t\t\t\t\t<h1 class=\"elementor-heading-title elementor-size-default\">Anmeldung<\/h1>\t\t\t\t<\/div>\n\t\t\t\t<\/div>\n\t\t\t\t<div class=\"elementor-element elementor-element-wgcea9b elementor-widget elementor-widget-spacer\" data-id=\"wgcea9b\" data-element_type=\"widget\" data-e-type=\"widget\" data-widget_type=\"spacer.default\">\n\t\t\t\t<div class=\"elementor-widget-container\">\n\t\t\t\t\t\t\t<div class=\"elementor-spacer\">\n\t\t\t<div class=\"elementor-spacer-inner\"><\/div>\n\t\t<\/div>\n\t\t\t\t\t\t<\/div>\n\t\t\t\t<\/div>\n\t\t\t\t\t<\/div>\n\t\t<\/div>\n\t\t\t\t\t<\/div>\n\t\t<\/section>\n\t\t\t\t<section class=\"elementor-section elementor-top-section elementor-element elementor-element-bd3c257 elementor-section-boxed elementor-section-height-default elementor-section-height-default\" data-id=\"bd3c257\" data-element_type=\"section\" data-e-type=\"section\">\n\t\t\t\t\t\t<div class=\"elementor-container elementor-column-gap-default\">\n\t\t\t\t\t<div class=\"elementor-column elementor-col-100 elementor-top-column elementor-element elementor-element-5191f48\" data-id=\"5191f48\" data-element_type=\"column\" data-e-type=\"column\">\n\t\t\t<div class=\"elementor-widget-wrap elementor-element-populated\">\n\t\t\t\t\t\t<div class=\"elementor-element elementor-element-6dfaeeb elementor-widget elementor-widget-spacer\" data-id=\"6dfaeeb\" data-element_type=\"widget\" data-e-type=\"widget\" data-widget_type=\"spacer.default\">\n\t\t\t\t<div class=\"elementor-widget-container\">\n\t\t\t\t\t\t\t<div class=\"elementor-spacer\">\n\t\t\t<div class=\"elementor-spacer-inner\"><\/div>\n\t\t<\/div>\n\t\t\t\t\t\t<\/div>\n\t\t\t\t<\/div>\n\t\t\t\t\t<\/div>\n\t\t<\/div>\n\t\t\t\t\t<\/div>\n\t\t<\/section>\n\t\t\t\t<section class=\"elementor-section elementor-top-section elementor-element elementor-element-f51213d elementor-section-boxed elementor-section-height-default elementor-section-height-default\" data-id=\"f51213d\" data-element_type=\"section\" data-e-type=\"section\">\n\t\t\t\t\t\t<div class=\"elementor-container elementor-column-gap-default\">\n\t\t\t\t\t<div class=\"elementor-column elementor-col-100 elementor-top-column elementor-element elementor-element-2020b82\" data-id=\"2020b82\" data-element_type=\"column\" data-e-type=\"column\">\n\t\t\t<div class=\"elementor-widget-wrap elementor-element-populated\">\n\t\t\t\t\t\t<div class=\"elementor-element elementor-element-5b0a4c3 elementor-widget elementor-widget-heading\" data-id=\"5b0a4c3\" data-element_type=\"widget\" data-e-type=\"widget\" data-widget_type=\"heading.default\">\n\t\t\t\t<div class=\"elementor-widget-container\">\n\t\t\t\t\t<h2 class=\"elementor-heading-title elementor-size-default\">Weihnachtsp\u00e4ckchen-Aktion 2025\/26<\/h2>\t\t\t\t<\/div>\n\t\t\t\t<\/div>\n\t\t\t\t<div class=\"elementor-element elementor-element-f8ff667 elementor-widget elementor-widget-text-editor\" data-id=\"f8ff667\" data-element_type=\"widget\" data-e-type=\"widget\" data-widget_type=\"text-editor.default\">\n\t\t\t\t<div class=\"elementor-widget-container\">\n\t\t\t\t\t\t\t\t\t<p>Du m\u00f6chtest gerne einmal <strong>Weihnachtsgeschenke<\/strong> dort <strong>verteilen<\/strong>, wo es sich <strong>kaum jemand leisten kann<\/strong> Geschenke zu kaufen?<br \/>Du m\u00f6chtest <strong>Kinderaugen strahlen<\/strong> sehen und hast ein Anliegen, Menschen in einem anderen Land <strong>von Gottes Liebe zu erz\u00e4hlen<\/strong>?<br \/>Du m\u00f6chtest miterleben, wie <strong>Gemeindeleben in Osteuropa<\/strong> gelebt wird?<br \/>Dann bist du hier genau richtig!<\/p><h4><strong>Melde dich an zur kommenden Weihnachtsp\u00e4ckchen-Aktion 2025\/26!<\/strong><\/h4><p>Gemeinsam begeben wir uns mit unseren Fahrzeugen auf eine spannende Reise in die Republik Moldau.<br \/>Hier gestalten wir das Weihnachtsprogramm in den lokalen Gemeinden mit, verteilen liebevoll gepackte P\u00e4ckchen, besuchen Familien aus unserem Patenschaftsprojekt und vieles andere mehr.<\/p><p>Der Spendenrichtsatz bel\u00e4uft sich auf 750\u20ac p.P. inklusive Reisekosten, Unterkunft und Verpflegung. <br \/>(Sch\u00fcler und Studierende 650\u20ac)<\/p><p>Du hast noch Fragen? Schreib gerne eine Mail an <a href=\"mailto:info@ht-ost.de\"><strong><em>info@ht-ost.de<\/em><\/strong><\/a> oder ruf uns an unter: <em><strong>06151-1014858<\/strong><\/em><\/p><p>Der Moldawieneinsatz ist vom 02. bis 11. Januar.<br \/>\u00a0<strong><br \/><\/strong><\/p><p><em>Wir behalten uns vor, die Reise wegen der aktuellen Situation (Ukrainekrieg) wieder abzusagen. <br \/>Die Verteilung in der Ukraine wird ausschlie\u00dflich von HTO-Mitarbeitern durchgef\u00fchrt.<br \/>Weitere Infos gibt es nach der Anmeldung.<\/em><\/p>\t\t\t\t\t\t\t\t<\/div>\n\t\t\t\t<\/div>\n\t\t\t\t<div class=\"elementor-element elementor-element-02a859f elementor-widget elementor-widget-text-editor\" data-id=\"02a859f\" data-element_type=\"widget\" data-e-type=\"widget\" data-widget_type=\"text-editor.default\">\n\t\t\t\t<div class=\"elementor-widget-container\">\n\t\t\t\t\t\t\t\t\t<p><strong>Der Einatz ist leider ausgebucht!<br \/>Durch eine Anmeldung kommt man auf die Warteliste.<\/strong><\/p>\t\t\t\t\t\t\t\t<\/div>\n\t\t\t\t<\/div>\n\t\t\t\t<div class=\"elementor-element elementor-element-3a680a3 uael-cf7-style-box uael-cf7-input-size-sm uael-cf7-button-left uael-cf7-btn-size-sm uael-cf7-highlight-style-default elementor-widget elementor-widget-uael-cf7-styler\" data-id=\"3a680a3\" data-element_type=\"widget\" data-e-type=\"widget\" data-widget_type=\"uael-cf7-styler.default\">\n\t\t\t\t<div class=\"elementor-widget-container\">\n\t\t\t\t\t\t\t\t\t<div class = \"uael-cf7-container\">\n\t\t\t\t\t\t<div class = \"uael-cf7 uael-cf7-style elementor-clickable\">\n\t\t\t\t\t\t\n<div class=\"wpcf7 no-js\" id=\"wpcf7-f1408-o1\" lang=\"de-DE\" dir=\"ltr\" data-wpcf7-id=\"1408\">\n<div class=\"screen-reader-response\"><p role=\"status\" aria-live=\"polite\" aria-atomic=\"true\"><\/p> <ul><\/ul><\/div>\n<form action=\"\/de\/wp-json\/wp\/v2\/pages\/2069#wpcf7-f1408-o1\" method=\"post\" class=\"wpcf7-form init\" aria-label=\"Kontaktformular\" novalidate=\"novalidate\" data-status=\"init\">\n<fieldset class=\"hidden-fields-container\"><input type=\"hidden\" name=\"_wpcf7\" value=\"1408\" \/><input type=\"hidden\" name=\"_wpcf7_version\" value=\"6.1.5\" \/><input type=\"hidden\" name=\"_wpcf7_locale\" value=\"de_DE\" \/><input type=\"hidden\" name=\"_wpcf7_unit_tag\" value=\"wpcf7-f1408-o1\" \/><input type=\"hidden\" name=\"_wpcf7_container_post\" value=\"0\" \/><input type=\"hidden\" name=\"_wpcf7_posted_data_hash\" value=\"\" \/><input type=\"hidden\" name=\"_wpcf7_recaptcha_response\" value=\"\" \/>\n<\/fieldset>\n<p>Vor- und Nachname <span class=\"wpcf7-form-control-wrap\" data-name=\"first-name\"><input size=\"40\" maxlength=\"400\" class=\"wpcf7-form-control wpcf7-text\" aria-invalid=\"false\" value=\"\" type=\"text\" name=\"first-name\" \/><\/span><br \/>\nStra\u00dfe, Nr. <span class=\"wpcf7-form-control-wrap\" data-name=\"Adresse\"><input size=\"40\" maxlength=\"400\" class=\"wpcf7-form-control wpcf7-text wpcf7-validates-as-required\" aria-required=\"true\" aria-invalid=\"false\" value=\"\" type=\"text\" name=\"Adresse\" \/><\/span><br \/>\nPLZ, Stadt <span class=\"wpcf7-form-control-wrap\" data-name=\"Adresse2\"><input size=\"40\" maxlength=\"400\" class=\"wpcf7-form-control wpcf7-text wpcf7-validates-as-required\" aria-required=\"true\" aria-invalid=\"false\" value=\"\" type=\"text\" name=\"Adresse2\" \/><\/span><br \/>\nE-Mail <span class=\"wpcf7-form-control-wrap\" data-name=\"your-email\"><input size=\"40\" maxlength=\"400\" class=\"wpcf7-form-control wpcf7-email wpcf7-validates-as-required wpcf7-text wpcf7-validates-as-email\" aria-required=\"true\" aria-invalid=\"false\" value=\"\" type=\"email\" name=\"your-email\" \/><\/span><br \/>\nTelefon<span class=\"wpcf7-form-control-wrap\" data-name=\"tel-496\"><input size=\"40\" maxlength=\"400\" class=\"wpcf7-form-control wpcf7-tel wpcf7-text wpcf7-validates-as-tel\" aria-invalid=\"false\" value=\"\" type=\"tel\" name=\"tel-496\" \/><\/span><br \/>\nGeburtstag<span class=\"wpcf7-form-control-wrap\" data-name=\"Geburtstag\"><input class=\"wpcf7-form-control wpcf7-date wpcf7-validates-as-required wpcf7-validates-as-date\" aria-required=\"true\" aria-invalid=\"false\" value=\"\" type=\"date\" name=\"Geburtstag\" \/><\/span>\n<\/p>\n<p>Bist du bereits mitgefahren? <span class=\"wpcf7-form-control-wrap\" data-name=\"Fahren\"><select class=\"wpcf7-form-control wpcf7-select wpcf7-validates-as-required\" aria-required=\"true\" aria-invalid=\"false\" name=\"Fahren\"><option value=\"Nein\">Nein<\/option><option value=\"Ja\">Ja<\/option><\/select><\/span><br \/>\nSprichst du folgende Sprachen? <span class=\"wpcf7-form-control-wrap\" data-name=\"Sprache\"><span class=\"wpcf7-form-control wpcf7-checkbox\"><span class=\"wpcf7-list-item first\"><label><input type=\"checkbox\" name=\"Sprache[]\" value=\"Russisch\" \/><span class=\"wpcf7-list-item-label\">Russisch<\/span><\/label><\/span><span class=\"wpcf7-list-item\"><label><input type=\"checkbox\" name=\"Sprache[]\" value=\"Rum\u00e4nisch\" \/><span class=\"wpcf7-list-item-label\">Rum\u00e4nisch<\/span><\/label><\/span><span class=\"wpcf7-list-item last\"><label><input type=\"checkbox\" name=\"Sprache[]\" value=\"Ukrainisch\" \/><span class=\"wpcf7-list-item-label\">Ukrainisch<\/span><\/label><\/span><\/span><\/span><br \/>\nKommentar<span class=\"wpcf7-form-control-wrap\" data-name=\"kommentar\"><textarea cols=\"40\" rows=\"10\" maxlength=\"2000\" class=\"wpcf7-form-control wpcf7-textarea\" aria-invalid=\"false\" name=\"kommentar\"><\/textarea><\/span>\n<\/p>\n<p><span class=\"wpcf7-form-control-wrap\" data-name=\"acceptance-788\"><span class=\"wpcf7-form-control wpcf7-acceptance optional\"><span class=\"wpcf7-list-item\"><label><input type=\"checkbox\" name=\"acceptance-788\" value=\"1\" aria-invalid=\"false\" \/><span class=\"wpcf7-list-item-label\">Ich stimme der <a href=\"\/datenschutz\">Datenschutzvereinbarung<\/a> zu.<\/span><\/label><\/span><\/span><\/span><br \/>\n<input class=\"wpcf7-form-control wpcf7-submit has-spinner\" type=\"submit\" value=\"Senden\" \/>\n<\/p><div class=\"wpcf7-response-output\" aria-hidden=\"true\"><\/div>\n<\/form>\n<\/div>\n\t\t\t\t\t<\/div>\n\t\t\t\t<\/div>\n\t\t\t\t\t\t\t\t<\/div>\n\t\t\t\t<\/div>\n\t\t\t\t\t<\/div>\n\t\t<\/div>\n\t\t\t\t\t<\/div>\n\t\t<\/section>\n\t\t\t\t<\/div>\n\t\t","protected":false},"excerpt":{"rendered":"<p>Anmeldung Weihnachtsp\u00e4ckchen-Aktion 2025\/26 Du m\u00f6chtest gerne einmal Weihnachtsgeschenke dort verteilen, wo es sich kaum jemand leisten kann Geschenke zu kaufen?Du m\u00f6chtest Kinderaugen strahlen sehen und hast ein Anliegen, Menschen in einem anderen Land von Gottes Liebe zu erz\u00e4hlen?Du m\u00f6chtest miterleben, [&hellip;]<\/p>\n","protected":false},"author":1,"featured_media":0,"parent":0,"menu_order":0,"comment_status":"closed","ping_status":"closed","template":"","meta":{"site-sidebar-layout":"no-sidebar","site-content-layout":"page-builder","ast-site-content-layout":"default","site-content-style":"default","site-sidebar-style":"default","ast-global-header-display":"","ast-banner-title-visibility":"","ast-main-header-display":"","ast-hfb-above-header-display":"","ast-hfb-below-header-display":"","ast-hfb-mobile-header-display":"","site-post-title":"disabled","ast-breadcrumbs-content":"","ast-featured-img":"","footer-sml-layout":"","ast-disable-related-posts":"","theme-transparent-header-meta":"enabled","adv-header-id-meta":"","stick-header-meta":"default","header-above-stick-meta":"","header-main-stick-meta":"","header-below-stick-meta":"","astra-migrate-meta-layouts":"default","ast-page-background-enabled":"default","ast-page-background-meta":{"desktop":{"background-color":"","background-image":"","background-repeat":"repeat","background-position":"center center","background-size":"auto","background-attachment":"scroll","background-type":"","background-media":"","overlay-type":"","overlay-color":"","overlay-opacity":"","overlay-gradient":""},"tablet":{"background-color":"","background-image":"","background-repeat":"repeat","background-position":"center center","background-size":"auto","background-attachment":"scroll","background-type":"","background-media":"","overlay-type":"","overlay-color":"","overlay-opacity":"","overlay-gradient":""},"mobile":{"background-color":"","background-image":"","background-repeat":"repeat","background-position":"center center","background-size":"auto","background-attachment":"scroll","background-type":"","background-media":"","overlay-type":"","overlay-color":"","overlay-opacity":"","overlay-gradient":""}},"ast-content-background-meta":{"desktop":{"background-color":"var(--ast-global-color-5)","background-image":"","background-repeat":"repeat","background-position":"center center","background-size":"auto","background-attachment":"scroll","background-type":"","background-media":"","overlay-type":"","overlay-color":"","overlay-opacity":"","overlay-gradient":""},"tablet":{"background-color":"var(--ast-global-color-5)","background-image":"","background-repeat":"repeat","background-position":"center center","background-size":"auto","background-attachment":"scroll","background-type":"","background-media":"","overlay-type":"","overlay-color":"","overlay-opacity":"","overlay-gradient":""},"mobile":{"background-color":"var(--ast-global-color-5)","background-image":"","background-repeat":"repeat","background-position":"center center","background-size":"auto","background-attachment":"scroll","background-type":"","background-media":"","overlay-type":"","overlay-color":"","overlay-opacity":"","overlay-gradient":""}},"footnotes":""},"class_list":["post-2069","page","type-page","status-publish","hentry"],"_links":{"self":[{"href":"https:\/\/ht-ost.com\/de\/wp-json\/wp\/v2\/pages\/2069","targetHints":{"allow":["GET"]}}],"collection":[{"href":"https:\/\/ht-ost.com\/de\/wp-json\/wp\/v2\/pages"}],"about":[{"href":"https:\/\/ht-ost.com\/de\/wp-json\/wp\/v2\/types\/page"}],"author":[{"embeddable":true,"href":"https:\/\/ht-ost.com\/de\/wp-json\/wp\/v2\/users\/1"}],"replies":[{"embeddable":true,"href":"https:\/\/ht-ost.com\/de\/wp-json\/wp\/v2\/comments?post=2069"}],"version-history":[{"count":43,"href":"https:\/\/ht-ost.com\/de\/wp-json\/wp\/v2\/pages\/2069\/revisions"}],"predecessor-version":[{"id":29249,"href":"https:\/\/ht-ost.com\/de\/wp-json\/wp\/v2\/pages\/2069\/revisions\/29249"}],"wp:attachment":[{"href":"https:\/\/ht-ost.com\/de\/wp-json\/wp\/v2\/media?parent=2069"}],"curies":[{"name":"wp","href":"https:\/\/api.w.org\/{rel}","templated":true}]}}